{"id":4882,"date":"2019-09-26T15:13:50","date_gmt":"2019-09-26T13:13:50","guid":{"rendered":"https:\/\/mkobro.de\/contact\/"},"modified":"2019-09-29T12:12:53","modified_gmt":"2019-09-29T10:12:53","slug":"contact","status":"publish","type":"page","link":"https:\/\/mkobro.de\/en\/contact\/","title":{"rendered":"Contact"},"content":{"rendered":"<h3><strong>Was k\u00f6nnen wir f\u00fcr Sie tun?<\/strong><\/h3>\n<h4>Wir freuen uns auf Ihre Anfrage. Gerne k\u00f6nnen Sie Ihrer Nachricht auch erste Unterlagen (z.B. vorl\u00e4ufige Agenda, \u00dcbersetzungsvorlagen etc.) beif\u00fcgen. Ihre Anfrage bearbeiten wir innerhalb von 24 Stunden.<\/h4>\n\n<div class=\"wpcf7 no-js\" id=\"wpcf7-f3082-o1\" lang=\"de-DE\" dir=\"ltr\">\n<div class=\"screen-reader-response\"><p role=\"status\" aria-live=\"polite\" aria-atomic=\"true\"><\/p> <ul><\/ul><\/div>\n<form action=\"\/en\/wp-json\/wp\/v2\/pages\/4882\/#wpcf7-f3082-o1\" method=\"post\" class=\"wpcf7-form init\" aria-label=\"Contact form\" novalidate=\"novalidate\" data-status=\"init\">\n<div style=\"display: none;\">\n<input type=\"hidden\" name=\"_wpcf7\" value=\"3082\" \/>\n<input type=\"hidden\" name=\"_wpcf7_version\" value=\"5.8.1\" \/>\n<input type=\"hidden\" name=\"_wpcf7_locale\" value=\"de_DE\" \/>\n<input type=\"hidden\" name=\"_wpcf7_unit_tag\" value=\"wpcf7-f3082-o1\" \/>\n<input type=\"hidden\" name=\"_wpcf7_container_post\" value=\"0\" \/>\n<input type=\"hidden\" name=\"_wpcf7_posted_data_hash\" value=\"\" \/>\n<input type=\"hidden\" name=\"_wpcf7_recaptcha_response\" value=\"\" \/>\n<\/div>\n<p><label> Name (mandatory)<br \/>\n<span class=\"wpcf7-form-control-wrap\" data-name=\"your-name\"><input size=\"40\" class=\"wpcf7-form-control wpcf7-text wpcf7-validates-as-required\" aria-required=\"true\" aria-invalid=\"false\" value=\"\" type=\"text\" name=\"your-name\" \/><\/span> <\/label>\n<\/p>\n<p><label> E-mail address (mandatory)<br \/>\n<span class=\"wpcf7-form-control-wrap\" data-name=\"your-email\"><input size=\"40\" class=\"wpcf7-form-control wpcf7-email wpcf7-validates-as-required wpcf7-text wpcf7-validates-as-email\" aria-required=\"true\" aria-invalid=\"false\" value=\"\" type=\"email\" name=\"your-email\" \/><\/span> <\/label>\n<\/p>\n<p><label> Subject<br \/>\n<span class=\"wpcf7-form-control-wrap\" data-name=\"your-subject\"><input size=\"40\" class=\"wpcf7-form-control wpcf7-text\" aria-invalid=\"false\" value=\"\" type=\"text\" name=\"your-subject\" \/><\/span> <\/label>\n<\/p>\n<p><label> Message<br \/>\n<span class=\"wpcf7-form-control-wrap\" data-name=\"your-message\"><textarea cols=\"40\" rows=\"10\" class=\"wpcf7-form-control wpcf7-textarea\" aria-invalid=\"false\" name=\"your-message\"><\/textarea><\/span> <\/label>\n<\/p>\n<p><input class=\"wpcf7-form-control wpcf7-submit has-spinner\" type=\"submit\" value=\"Send\" \/>\n<\/p><div class=\"wpcf7-response-output\" aria-hidden=\"true\"><\/div>\n<\/form>\n<\/div>\n\n","protected":false},"excerpt":{"rendered":"<p>Was k\u00f6nnen wir f\u00fcr Sie tun? Wir freuen uns auf Ihre Anfrage. Gerne k\u00f6nnen Sie Ihrer Nachricht auch erste Unterlagen [&hellip;]<\/p>\n","protected":false},"author":3,"featured_media":0,"parent":0,"menu_order":0,"comment_status":"open","ping_status":"closed","template":"template-contact.php","meta":{"footnotes":""},"_links":{"self":[{"href":"https:\/\/mkobro.de\/en\/wp-json\/wp\/v2\/pages\/4882\/"}],"collection":[{"href":"https:\/\/mkobro.de\/en\/wp-json\/wp\/v2\/pages\/"}],"about":[{"href":"https:\/\/mkobro.de\/en\/wp-json\/wp\/v2\/types\/page\/"}],"author":[{"embeddable":true,"href":"https:\/\/mkobro.de\/en\/wp-json\/wp\/v2\/users\/3\/"}],"replies":[{"embeddable":true,"href":"https:\/\/mkobro.de\/en\/wp-json\/wp\/v2\/comments\/?post=4882"}],"version-history":[{"count":1,"href":"https:\/\/mkobro.de\/en\/wp-json\/wp\/v2\/pages\/4882\/revisions\/"}],"predecessor-version":[{"id":4910,"href":"https:\/\/mkobro.de\/en\/wp-json\/wp\/v2\/pages\/4882\/revisions\/4910\/"}],"wp:attachment":[{"href":"https:\/\/mkobro.de\/en\/wp-json\/wp\/v2\/media\/?parent=4882"}],"curies":[{"name":"wp","href":"https:\/\/api.w.org\/{rel}","templated":true}]}}