{"id":4884,"date":"2019-09-26T15:19:01","date_gmt":"2019-09-26T13:19:01","guid":{"rendered":"https:\/\/mkobro.de\/home\/"},"modified":"2019-09-29T17:31:18","modified_gmt":"2019-09-29T15:31:18","slug":"home","status":"publish","type":"page","link":"https:\/\/mkobro.de\/en\/","title":{"rendered":"Home"},"content":{"rendered":"<div class=\"section-full-width section-light2 parallax-fixed\" style=\"background-color:#EDF5F7; min-height:300px;\" id=\"foryourinternationalsuccess\"><div style=\"background-image:url(https:\/\/mkobro.de\/wp-content\/uploads\/2017\/12\/Logo_grau_1900x900px_links.png); opacity:1; filter: alpha(opacity=100);\" class=\"full-bg-image\" ><\/div><div class=\"section-boxed\" style=\"color:#777777;\"><h2 class=\"section-title\" style=\"color:#252525;\">For your international success<\/h2><h4 style=\"color:#252525;\" class=\"sub-title\">Your partner for interpreting and translation<\/h4><\/p>\n<div class=\"cols-wrapper cols-2\">\n<div class=\"col\">\n<h3><strong>Kobro<\/strong> Kobro Kommunikation provides interpreting and specialist translation services for your multilingual event \u2013 professional, sociable and reliable.<\/h3>\n<p style=\"text-align: center;\"><a class=\"button\" style=\"background-color: #006fb4;\" href=\"https:\/\/mkobro.de\/ihr-partner\/\">Your partner<\/a><\/p>\n<\/div>\n<div class=\"col nomargin\"><img decoding=\"async\" class=\"img-frame aligncenter\" src=\"https:\/\/mkobro.de\/wp-content\/uploads\/2017\/12\/Matthias_Kobro_Dolmetscher_Simultan\u00fcbersetzer_270x180.jpg\" \/><\/div>\n<\/div>\n<p>\n<\/div><\/div>\n<div class=\"services-wrapper services-default cols-wrapper cols-3 pexeto-parallax\"><div class=\"services-box col\"><div class=\"img-container\"><img src=\"https:\/\/mkobro.de\/wp-content\/uploads\/2017\/12\/Pikto_Projektmanagement-2.png\" alt=\"Interpreting agency\"\/><\/div><div class=\"services-content\"><div class=\"sc-wraper\"><h3>Interpreting agency<\/h3><p>Kobro Kommunikation draws on its extensive network to set up teams of qualified interpreters for your multilingual event. Upon request, we will also help you select the right conference interpreting technology.<\/p><\/div><\/div><\/div><div class=\"services-box col\"><div class=\"img-container\"><img src=\"https:\/\/mkobro.de\/wp-content\/uploads\/2017\/12\/Pikto_Simultandolmetschen.png\" alt=\"Interpreting\"\/><\/div><div class=\"services-content\"><div class=\"sc-wraper\"><h3>Interpreting<\/h3><p>Simultaneous interpreting, consecutive interpreting, liaison interpreting, whispered interpreting (chuchotage) and media interpreting \u2013 Kobro Kommunikation offers all common types of interpreting that belong to a conference interpreter\u2019s skillset.<\/p><\/div><\/div><\/div><div class=\"services-box col nomargin\"><div class=\"img-container\"><img src=\"https:\/\/mkobro.de\/wp-content\/uploads\/2017\/12\/Icon_Dokumente.png\" alt=\"Translation\"\/><\/div><div class=\"services-content\"><div class=\"sc-wraper\"><h3>Translation<\/h3><p>Specialist translations, contracts, presentations, official documents, articles, speeches, subtitling and reports are just a few examples of Kobro Kommunikation\u2019s comprehensive translation portfolio.<\/p><\/div><\/div><\/div><div class=\"clear\"><\/div><\/div>\n<p>&nbsp;<\/p>\n<div class=\"cta-element\"><h2 class=\"cta-title\">We will be pleased to submit you a non-binding offer<\/h2><a class=\"button\" href=\"https:\/\/mkobro.de\/contact\/\">Request an offer<\/a><\/div>\n<div class=\"section-full-width section-light2\" style=\"background-color:#f7f7f7;\" id=\"competencies\"><div class=\"section-boxed\" style=\"color:#777777;\"><h2 class=\"section-title\" style=\"color:#252525;\">Competencies<\/h2><h4 style=\"color:#252525;\" class=\"sub-title\">Our specialist subjects \u2013 a selection<\/h4><div class=\"portfolio-carousel pc-no-title pc-no-link pc-spacing pc-effect-icon pc-effect-zoom pc-effect-overlay\"><div class=\"pc-header\"><div class=\"carousel-title\"> <h4 class=\"small-title\"><\/h4><\/div><\/div><div class=\"pc-wrapper\"><div class=\"pc-holder\"><div class=\"pc-page-wrapper\"><div class=\"pc-item\" data-defwidth=\"396\" data-type=\"smallslider\" data-itemid=\"4959\"><a href=\"https:\/\/mkobro.de\/en\/portfolio\/pharmaceuticals\/\" title=\"Pharmaceuticals\"><div class=\"pg-img-wrapper\"><span class=\"icon-circle\"><span class=\"pg-icon smallslider-icon\"><\/span><\/span><img src=\"https:\/\/mkobro.de\/wp-content\/uploads\/2017\/12\/labor_450x300_4-586x349.jpg\" alt=\"\"\/><\/div><div class=\"pg-info\"><div class=\"pg-details\"><h2>Pharmaceuticals<\/h2><span class=\"pg-categories\">Specialist subjects<\/span><\/div><\/div><\/a><\/div><div class=\"pc-item\" data-defwidth=\"396\" data-type=\"smallslider\" data-itemid=\"4955\"><a href=\"https:\/\/mkobro.de\/en\/portfolio\/international-relations\/\" title=\"International relations\"><div class=\"pg-img-wrapper\"><span class=\"icon-circle\"><span class=\"pg-icon smallslider-icon\"><\/span><\/span><img src=\"https:\/\/mkobro.de\/wp-content\/uploads\/2017\/12\/Internationale_Beziehungen_450x300_3-586x349.jpg\" alt=\"\"\/><\/div><div class=\"pg-info\"><div class=\"pg-details\"><h2>International relations<\/h2><span class=\"pg-categories\">Specialist subjects<\/span><\/div><\/div><\/a><\/div><\/div><div class=\"pc-page-wrapper\"><div class=\"pc-item\" data-defwidth=\"396\" data-type=\"smallslider\" data-itemid=\"4950\"><a href=\"https:\/\/mkobro.de\/en\/portfolio\/automotive\/\" title=\"Automotive\"><div class=\"pg-img-wrapper\"><span class=\"icon-circle\"><span class=\"pg-icon smallslider-icon\"><\/span><\/span><img src=\"https:\/\/mkobro.de\/wp-content\/uploads\/2017\/12\/KFZ-Technik_450x300-586x349.jpg\" alt=\"\"\/><\/div><div class=\"pg-info\"><div class=\"pg-details\"><h2>Automotive<\/h2><span class=\"pg-categories\">Specialist subjects<\/span><\/div><\/div><\/a><\/div><div class=\"pc-item\" data-defwidth=\"396\" data-type=\"smallslider\" data-itemid=\"4951\"><a href=\"https:\/\/mkobro.de\/en\/portfolio\/truck-technology\/\" title=\"Truck technology\"><div class=\"pg-img-wrapper\"><span class=\"icon-circle\"><span class=\"pg-icon smallslider-icon\"><\/span><\/span><img src=\"https:\/\/mkobro.de\/wp-content\/uploads\/2017\/12\/LKW-Technik_450x300_1-586x349.jpg\" alt=\"\"\/><\/div><div class=\"pg-info\"><div class=\"pg-details\"><h2>Truck technology<\/h2><span class=\"pg-categories\">Specialist subjects<\/span><\/div><\/div><\/a><\/div><\/div><div class=\"pc-page-wrapper\"><div class=\"pc-item\" data-defwidth=\"396\" data-type=\"smallslider\" data-itemid=\"4957\"><a href=\"https:\/\/mkobro.de\/en\/portfolio\/economics\/\" title=\"Economics\"><div class=\"pg-img-wrapper\"><span class=\"icon-circle\"><span class=\"pg-icon smallslider-icon\"><\/span><\/span><img src=\"https:\/\/mkobro.de\/wp-content\/uploads\/2017\/12\/wirtschaft_450x300_1-586x349.jpg\" alt=\"\"\/><\/div><div class=\"pg-info\"><div class=\"pg-details\"><h2>Economics<\/h2><span class=\"pg-categories\">Specialist subjects<\/span><\/div><\/div><\/a><\/div><div class=\"pc-item\" data-defwidth=\"396\" data-type=\"smallslider\" data-itemid=\"4952\"><a href=\"https:\/\/mkobro.de\/en\/portfolio\/banking\/\" title=\"Banking\"><div class=\"pg-img-wrapper\"><span class=\"icon-circle\"><span class=\"pg-icon smallslider-icon\"><\/span><\/span><img src=\"https:\/\/mkobro.de\/wp-content\/uploads\/2017\/12\/Banken_450x300_1-586x349.jpg\" alt=\"\"\/><\/div><div class=\"pg-info\"><div class=\"pg-details\"><h2>Banking<\/h2><span class=\"pg-categories\">Specialist subjects<\/span><\/div><\/div><\/a><\/div><\/div><div class=\"pc-page-wrapper\"><div class=\"pc-item\" data-defwidth=\"396\" data-type=\"smallslider\" data-itemid=\"4960\"><a href=\"https:\/\/mkobro.de\/en\/portfolio\/logistics\/\" title=\"Logistics\"><div class=\"pg-img-wrapper\"><span class=\"icon-circle\"><span class=\"pg-icon smallslider-icon\"><\/span><\/span><img src=\"https:\/\/mkobro.de\/wp-content\/uploads\/2017\/12\/Logistik_450x300_1-586x349.jpg\" alt=\"\"\/><\/div><div class=\"pg-info\"><div class=\"pg-details\"><h2>Logistics<\/h2><span class=\"pg-categories\">Specialist subjects<\/span><\/div><\/div><\/a><\/div><div class=\"pc-item\" data-defwidth=\"396\" data-type=\"smallslider\" data-itemid=\"4954\"><a href=\"https:\/\/mkobro.de\/en\/portfolio\/marketing\/\" title=\"Marketing\"><div class=\"pg-img-wrapper\"><span class=\"icon-circle\"><span class=\"pg-icon smallslider-icon\"><\/span><\/span><img src=\"https:\/\/mkobro.de\/wp-content\/uploads\/2017\/12\/Marketing_450x300_1-586x349.jpg\" alt=\"\"\/><\/div><div class=\"pg-info\"><div class=\"pg-details\"><h2>Marketing<\/h2><span class=\"pg-categories\">Specialist subjects<\/span><\/div><\/div><\/a><\/div><\/div><div class=\"pc-page-wrapper\"><div class=\"pc-item\" data-defwidth=\"396\" data-type=\"smallslider\" data-itemid=\"4961\"><a href=\"https:\/\/mkobro.de\/en\/portfolio\/religion\/\" title=\"Religion\"><div class=\"pg-img-wrapper\"><span class=\"icon-circle\"><span class=\"pg-icon smallslider-icon\"><\/span><\/span><img src=\"https:\/\/mkobro.de\/wp-content\/uploads\/2017\/12\/Theologie_450x300_1-586x349.jpg\" alt=\"\"\/><\/div><div class=\"pg-info\"><div class=\"pg-details\"><h2>Religion<\/h2><span class=\"pg-categories\">Specialist subjects<\/span><\/div><\/div><\/a><\/div><div class=\"pc-item\" data-defwidth=\"396\" data-type=\"smallslider\" data-itemid=\"4958\"><a href=\"https:\/\/mkobro.de\/en\/portfolio\/culture\/\" title=\"Culture\"><div class=\"pg-img-wrapper\"><span class=\"icon-circle\"><span class=\"pg-icon smallslider-icon\"><\/span><\/span><img src=\"https:\/\/mkobro.de\/wp-content\/uploads\/2017\/12\/Kultur_450x300_1-586x349.jpg\" alt=\"\"\/><\/div><div class=\"pg-info\"><div class=\"pg-details\"><h2>Culture<\/h2><span class=\"pg-categories\">Specialist subjects<\/span><\/div><\/div><\/a><\/div><\/div><div class=\"pc-page-wrapper\"><div class=\"pc-item\" data-defwidth=\"396\" data-type=\"smallslider\" data-itemid=\"4953\"><a href=\"https:\/\/mkobro.de\/en\/portfolio\/sports\/\" title=\"Sports\"><div class=\"pg-img-wrapper\"><span class=\"icon-circle\"><span class=\"pg-icon smallslider-icon\"><\/span><\/span><img src=\"https:\/\/mkobro.de\/wp-content\/uploads\/2017\/12\/Sport_450x300_1-586x349.jpg\" alt=\"\"\/><\/div><div class=\"pg-info\"><div class=\"pg-details\"><h2>Sports<\/h2><span class=\"pg-categories\">Specialist subjects<\/span><\/div><\/div><\/a><\/div><div class=\"pc-item\" data-defwidth=\"396\" data-type=\"smallslider\" data-itemid=\"4949\"><a href=\"https:\/\/mkobro.de\/en\/portfolio\/medicine\/\" title=\"Medicine\"><div class=\"pg-img-wrapper\"><span class=\"icon-circle\"><span class=\"pg-icon smallslider-icon\"><\/span><\/span><img src=\"https:\/\/mkobro.de\/wp-content\/uploads\/2017\/12\/Medizin_450x300_1-586x349.jpg\" alt=\"\"\/><\/div><div class=\"pg-info\"><div class=\"pg-details\"><h2>Medicine<\/h2><span class=\"pg-categories\">Specialist subjects<\/span><\/div><\/div><\/a><\/div><\/div><div class=\"pc-page-wrapper\"><div class=\"pc-item\" data-defwidth=\"396\" data-type=\"smallslider\" data-itemid=\"4956\"><a href=\"https:\/\/mkobro.de\/en\/portfolio\/luftfahrt\/\" title=\"Luftfahrt\"><div class=\"pg-img-wrapper\"><span class=\"icon-circle\"><span class=\"pg-icon smallslider-icon\"><\/span><\/span><img src=\"\" alt=\"Luftfahrt\"\/><\/div><div class=\"pg-info\"><div class=\"pg-details\"><h2>Luftfahrt<\/h2><span class=\"pg-categories\">Specialist subjects<\/span><\/div><\/div><\/a><\/div><\/div><\/div><\/div><div class=\"clear\"><\/div><div class=\"clear\"><\/div><\/div>\n<\/div><\/div>\n<div class=\"section-full-width section-dark-bg parallax-fixed\" style=\"background-color:#3ca4cf;\" id=\"gmpinspection\"><div style=\"background-image:url(https:\/\/mkobro.de\/wp-content\/uploads\/2018\/11\/analysis-2030266_1920.jpg); opacity:0.2; filter: alpha(opacity=20);\" class=\"full-bg-image\" ><\/div><div class=\"section-boxed\" style=\"color:#ffffff;\"><h2 class=\"section-title\" style=\"color:#ffffff;\">GMP inspection<\/h2><h4 style=\"color:#ffffff;\" class=\"sub-title\">Your interpreter and consultant on the subject of GMP<\/h4><div class=\"services-wrapper services-icon cols-wrapper cols-4 pexeto-parallax\"><div class=\"services-box col\"><div class=\"img-container\"><img src=\"https:\/\/mkobro.de\/wp-content\/uploads\/2018\/06\/GMP-Beratung_128x128-01-130x130.png\" alt=\"Consulting\"\/><\/div><div class=\"services-content\"><div class=\"sc-wraper\"><h3>Consulting<\/h3><p>Specifics of the Russian GMP guideline, expectations of the Russian supervisory body<\/p><\/div><\/div><\/div><div class=\"services-box col\"><div class=\"img-container\"><img src=\"https:\/\/mkobro.de\/wp-content\/uploads\/2018\/06\/GMP-Dolmetschen_128x128-02-130x130.png\" alt=\"GMP interpreting\"\/><\/div><div class=\"services-content\"><div class=\"sc-wraper\"><h3>GMP interpreting<\/h3><p>Professional interpreting during your GMP inspection. German-Russian-English<\/p><\/div><\/div><\/div><div class=\"services-box col\"><div class=\"img-container\"><img src=\"https:\/\/mkobro.de\/wp-content\/uploads\/2018\/06\/GMP-\u00dcbersetzen_128x128-04-130x130.png\" alt=\"Translations\"\/><\/div><div class=\"services-content\"><div class=\"sc-wraper\"><h3>Translations<\/h3><p>Russian GMP guideline in German and English. Translation of your correspondence with the supervisory body.<\/p><\/div><\/div><\/div><div class=\"services-box col nomargin\"><div class=\"img-container\"><img src=\"https:\/\/mkobro.de\/wp-content\/uploads\/2018\/06\/GMP-Terminologie_128x128-03-130x130.png\" alt=\"GMP terminology\"\/><\/div><div class=\"services-content\"><div class=\"sc-wraper\"><h3>GMP terminology<\/h3><p>Creating and updating glossaries and your GMP terminology lists German-Russian-English<\/p><\/div><\/div><\/div><div class=\"clear\"><\/div><\/div>\n<\/div><\/div>\n<div class=\"section-full-width section-light2\" style=\"background-color:#EDF5F7;\" id=\"youradvantages\"><div class=\"section-boxed\" style=\"color:#252525;\"><h2 class=\"section-title\" style=\"color:#252525;\">Your advantages<\/h2><h4 style=\"color:#252525;\" class=\"sub-title\">10 reasons to choose Kobro Kommunikation<\/h4><\/p>\n<div class=\"cols-wrapper cols-3 cols-default\">\n<div class=\"col\">\n<h3><span style=\"color: #000000;\"><a href=\"https:\/\/mkobro.de\/ihre-vorteile\/\">Extensive experience<\/a><br \/>\n<a href=\"https:\/\/mkobro.de\/ihre-vorteile\/\">Highest standards of quality<\/a><br \/>\n<\/span><a href=\"https:\/\/mkobro.de\/ihre-vorteile\/\">Absolute discretion<\/a><br \/>\n<a href=\"https:\/\/mkobro.de\/ihre-vorteile\/\">Intercultural competence<\/a><br \/>\n<a href=\"https:\/\/mkobro.de\/ihre-vorteile\/\">High degree of professionalism<\/a><br \/>\n<a href=\"https:\/\/mkobro.de\/ihre-vorteile\/\">Succinct voice<\/a><br \/>\n<a href=\"https:\/\/mkobro.de\/ihre-vorteile\/\">Stress-free service<\/a><br \/>\n<a href=\"https:\/\/mkobro.de\/ihre-vorteile\/\">Comprehensive conference consultation<\/a><br \/>\n<a href=\"https:\/\/mkobro.de\/ihre-vorteile\/\">Up-to-date specialist knowledge<\/a><br \/>\n<a href=\"https:\/\/mkobro.de\/ihre-vorteile\/\">Global availability<\/a><\/h3>\n<\/div>\n<div class=\"col\">\n<p>Over 500 conference days in Germany, Europe, Overseas and Asia. Accompanying delegations from politics and business during negotiations, audits or factory visits is one of my core competencies, along with specialist translations.<\/p>\n<p>Vorst\u00e4nde, mittleres und oberes Management, aber auch Presse- und Eventabteilungen und Beh\u00f6rden vertrauen auf meine fachliche und interkulturelle Kompetenz. Sie erhalten u.a. Unterst\u00fctzung bei Audits, Inspektionen und Qualit\u00e4tsmanagement-Prozessen.<\/p>\n<p>Gerne bin ich Ihr zentraler Ansprechpartner f\u00fcr die \u00dcbersetzungst\u00e4tigkeit bei Ihrem internationalen Event: Ich verf\u00fcge \u00fcber ein breites Dolmetscher-Netzwerk und tiefes Wissen in Konferenztechnik. So behalten Sie das gro\u00dfe Ganze im Auge, ich k\u00fcmmere mich um die Details.<\/p>\n<\/div>\n<div class=\"col nomargin\">\n<h4>With KOBRO Kommunikation, you get a partner who gives you the necessary security and reliability even before the event begins, if you don&#8217;t want to compromise on quality.<\/h4>\n<div class=\"cta-element\"><h4 class=\"cta-small-title\">Lassen Sie sich beraten<\/h4><h2 class=\"cta-title\"><\/h2><a class=\"button\" href=\"https:\/\/mkobro.de\/kontakt\/\">Dolmetsch-Expertise nutzen<\/a><\/div>\n<p>&nbsp;<\/p>\n<\/div>\n<\/div>\n<p>\n<\/div><\/div>\n<div class=\"section-full-width section-light\" style=\"background-color:#f7f7f7;\" id=\"section-1\"><div class=\"section-boxed\" style=\"color:#777777;\"><h4 style=\"color:#252525;\" class=\"sub-title\">Testimonials<\/h4><div class=\"testimonial-slider\" data-autoplay=\"true\"><div class=\"testimonial-container\"><div class=\"testimonial-wrapper\"><div class=\"testimonial-info\"><img class=\"img-frame testimonial-img\" src=\"https:\/\/mkobro.de\/wp-content\/uploads\/2018\/02\/illert_180-150x150.jpg\" alt=\"Dr. Martin Illert\" \/><div class=\"testimonials-details\"><h2>Dr. Martin Illert<\/h2><span>Member of the High Consistory \/ ecclesiastic office of the German Protestant Church<\/span><\/div><\/div><blockquote><p>I value the work performed by Matthias Kobro exceptionally highly. His profound knowledge of the specific theological terminology of the Orthodox and Protestant faiths ensures smooth communication in our German-Russian interfaith dialogs. I\u2019m equally thankful for his extraordinary diligence and absolute reliability. Thanks to his high-quality work, Mr. Kobro not only gives our commissions confidence, but also allows us to publish our German-Russian dialogs in a timely manner following the conferences.<\/p><\/blockquote><\/div><\/div><div class=\"testimonial-container\"><div class=\"testimonial-wrapper\"><div class=\"testimonial-info\"><img class=\"img-frame testimonial-img\" src=\"https:\/\/mkobro.de\/wp-content\/uploads\/2018\/02\/Maxim_Sachkov-150x150.jpg\" alt=\"Maxim Sachkov\" \/><div class=\"testimonials-details\"><h2>Maxim Sachkov<\/h2><span>Stellvertretender Chefredakteur \/ Za Rulem<\/span><\/div><\/div><blockquote><p>As a journalist working for one of Russia\u2019s biggest automobile magazines, I often attend press conferences, workshops and driving presentations hosted by different brands. At these events, I often come across the simultaneous interpreter Matthias Kobro. Since I myself speak German well and work with a lot of technical texts in this specialist field, I can assess his high level of professionalism well. Matthias not only has extensive experience in dealing with technical lectures and presentations, but also a sound knowledge of the automotive sector, which is all the more important in our line of work, because the interpretation of technical presentations must always meet the highest standards.<\/p><\/blockquote><\/div><\/div><\/div>\n<\/div><\/div>\n","protected":false},"excerpt":{"rendered":"<p>&nbsp;<\/p>\n","protected":false},"author":3,"featured_media":0,"parent":0,"menu_order":0,"comment_status":"open","ping_status":"open","template":"template-full-custom.php","meta":{"footnotes":""},"_links":{"self":[{"href":"https:\/\/mkobro.de\/en\/wp-json\/wp\/v2\/pages\/4884\/"}],"collection":[{"href":"https:\/\/mkobro.de\/en\/wp-json\/wp\/v2\/pages\/"}],"about":[{"href":"https:\/\/mkobro.de\/en\/wp-json\/wp\/v2\/types\/page\/"}],"author":[{"embeddable":true,"href":"https:\/\/mkobro.de\/en\/wp-json\/wp\/v2\/users\/3\/"}],"replies":[{"embeddable":true,"href":"https:\/\/mkobro.de\/en\/wp-json\/wp\/v2\/comments\/?post=4884"}],"version-history":[{"count":15,"href":"https:\/\/mkobro.de\/en\/wp-json\/wp\/v2\/pages\/4884\/revisions\/"}],"predecessor-version":[{"id":5095,"href":"https:\/\/mkobro.de\/en\/wp-json\/wp\/v2\/pages\/4884\/revisions\/5095\/"}],"wp:attachment":[{"href":"https:\/\/mkobro.de\/en\/wp-json\/wp\/v2\/media\/?parent=4884"}],"curies":[{"name":"wp","href":"https:\/\/api.w.org\/{rel}","templated":true}]}}