{"id":4885,"date":"2019-09-26T15:20:26","date_gmt":"2019-09-26T13:20:26","guid":{"rendered":"https:\/\/mkobro.de\/specialist-subjects\/"},"modified":"2019-09-29T12:08:22","modified_gmt":"2019-09-29T10:08:22","slug":"specialist-subjects","status":"publish","type":"page","link":"https:\/\/mkobro.de\/en\/specialist-subjects\/","title":{"rendered":"Specialist subjects"},"content":{"rendered":"<div class=\"services-wrapper services-boxed-photo cols-wrapper cols-4 pexeto-parallax\"><div class=\"services-title-box col\"><h2>Unsere Expertise<\/h2><p>Seit vielen Jahren \u00fcbernimmt Kobro Kommunikation Auftr\u00e4ge von Kunden aus den verschiedensten Fachgebieten. Mit einem H\u00f6chstma\u00df an Flexilit\u00e4t und einschl\u00e4giger Recherchekompetenz k\u00f6nnen wir uns auch in neue Themen und Ihr Fachgebiet gezielt einarbeiten. Unsere T\u00e4tigkeitsfelder umfassen aktuell:<\/p><\/div><div class=\"services-box col\"><div class=\"img-container\"><img src=\"https:\/\/mkobro.de\/wp-content\/uploads\/2017\/12\/labor_450x300_4.jpg\" alt=\"GMP\"\/><\/div><div class=\"services-content\"><div class=\"sc-wraper\"><h3>GMP<\/h3><\/div><\/div><\/div><div class=\"services-box col\"><div class=\"img-container\"><img src=\"https:\/\/mkobro.de\/wp-content\/uploads\/2017\/12\/Internationale_Beziehungen_450x300_3.jpg\" alt=\"International relations\"\/><\/div><div class=\"services-content\"><div class=\"sc-wraper\"><h3>International relations<\/h3><\/div><\/div><\/div><div class=\"services-box col\"><div class=\"img-container\"><img src=\"https:\/\/mkobro.de\/wp-content\/uploads\/2017\/12\/KFZ-Technik_450x300.jpg\" alt=\"Automotive\"\/><\/div><div class=\"services-content\"><div class=\"sc-wraper\"><h3>Automotive<\/h3><\/div><\/div><\/div><div class=\"services-box col nomargin\"><div class=\"img-container\"><img src=\"https:\/\/mkobro.de\/wp-content\/uploads\/2017\/12\/LKW-Technik_450x300_1.jpg\" alt=\"Truck technology\"\/><\/div><div class=\"services-content\"><div class=\"sc-wraper\"><h3>Truck technology<\/h3><\/div><\/div><\/div><div class=\"services-box col\"><div class=\"img-container\"><img src=\"https:\/\/mkobro.de\/wp-content\/uploads\/2017\/12\/Logistik_450x300_1.jpg\" alt=\"Logistics\"\/><\/div><div class=\"services-content\"><div class=\"sc-wraper\"><h3>Logistics<\/h3><\/div><\/div><\/div><div class=\"services-box col\"><div class=\"img-container\"><img src=\"https:\/\/mkobro.de\/wp-content\/uploads\/2017\/12\/Religion_450x300.jpeg\" alt=\"Religion\"\/><\/div><div class=\"services-content\"><div class=\"sc-wraper\"><h3>Religion<\/h3><\/div><\/div><\/div><div class=\"services-box col\"><div class=\"img-container\"><img src=\"https:\/\/mkobro.de\/wp-content\/uploads\/2017\/12\/Kultur_450x300_1.jpg\" alt=\"Culture\"\/><\/div><div class=\"services-content\"><div class=\"sc-wraper\"><h3>Culture<\/h3><\/div><\/div><\/div><div class=\"services-box col nomargin\"><div class=\"img-container\"><img src=\"https:\/\/mkobro.de\/wp-content\/uploads\/2017\/12\/Sport_450x300_1.jpg\" alt=\"Sports\"\/><\/div><div class=\"services-content\"><div class=\"sc-wraper\"><h3>Sports<\/h3><\/div><\/div><\/div><div class=\"services-box col\"><div class=\"img-container\"><img src=\"https:\/\/mkobro.de\/wp-content\/uploads\/2017\/12\/Marketing_450x300_1.jpg\" alt=\"Marketing\"\/><\/div><div class=\"services-content\"><div class=\"sc-wraper\"><h3>Marketing<\/h3><\/div><\/div><\/div><div class=\"services-box col\"><div class=\"img-container\"><img src=\"https:\/\/mkobro.de\/wp-content\/uploads\/2017\/12\/Medizin_450x300_1.jpg\" alt=\"Medicine\"\/><\/div><div class=\"services-content\"><div class=\"sc-wraper\"><h3>Medicine<\/h3><\/div><\/div><\/div><div class=\"services-box col\"><div class=\"img-container\"><img src=\"https:\/\/mkobro.de\/wp-content\/uploads\/2017\/12\/wirtschaft_450x300_1.jpg\" alt=\"Economics\"\/><\/div><div class=\"services-content\"><div class=\"sc-wraper\"><h3>Economics<\/h3><\/div><\/div><\/div><div class=\"services-box col nomargin\"><div class=\"img-container\"><img src=\"https:\/\/mkobro.de\/wp-content\/uploads\/2018\/11\/Luftfahrt_Dolmetscher_Russisch_450x300_kl.jpg\" alt=\"Luftfahrt\"\/><\/div><div class=\"services-content\"><div class=\"sc-wraper\"><h3>Luftfahrt<\/h3><\/div><\/div><\/div><div class=\"clear\"><\/div><\/div>\n<p><strong>Weitere Fachgebiete<\/strong><br \/>\nRecht, Steuerwesen, Rechnungswesen, Bilanzierung, Finanzwesen, Bankwesen, Kreditwesen, Vertragswesen<br \/>\nIndustrie, Technik (Automobil, Bahn, Landwirtschaftstechnik, Traktoren), Elektrotechnik, Elektromobilit\u00e4t,<br \/>\nChemie, Physik, Umwelt, Landwirtschaft, Geologie, Tourismus<\/p>\n","protected":false},"excerpt":{"rendered":"<p>Weitere Fachgebiete Recht, Steuerwesen, Rechnungswesen, Bilanzierung, Finanzwesen, Bankwesen, Kreditwesen, Vertragswesen Industrie, Technik (Automobil, Bahn, Landwirtschaftstechnik, Traktoren), Elektrotechnik, Elektromobilit\u00e4t, Chemie, Physik, [&hellip;]<\/p>\n","protected":false},"author":3,"featured_media":0,"parent":0,"menu_order":0,"comment_status":"closed","ping_status":"closed","template":"","meta":{"footnotes":""},"_links":{"self":[{"href":"https:\/\/mkobro.de\/en\/wp-json\/wp\/v2\/pages\/4885\/"}],"collection":[{"href":"https:\/\/mkobro.de\/en\/wp-json\/wp\/v2\/pages\/"}],"about":[{"href":"https:\/\/mkobro.de\/en\/wp-json\/wp\/v2\/types\/page\/"}],"author":[{"embeddable":true,"href":"https:\/\/mkobro.de\/en\/wp-json\/wp\/v2\/users\/3\/"}],"replies":[{"embeddable":true,"href":"https:\/\/mkobro.de\/en\/wp-json\/wp\/v2\/comments\/?post=4885"}],"version-history":[{"count":1,"href":"https:\/\/mkobro.de\/en\/wp-json\/wp\/v2\/pages\/4885\/revisions\/"}],"predecessor-version":[{"id":4977,"href":"https:\/\/mkobro.de\/en\/wp-json\/wp\/v2\/pages\/4885\/revisions\/4977\/"}],"wp:attachment":[{"href":"https:\/\/mkobro.de\/en\/wp-json\/wp\/v2\/media\/?parent=4885"}],"curies":[{"name":"wp","href":"https:\/\/api.w.org\/{rel}","templated":true}]}}