{"id":4888,"date":"2019-09-26T15:39:36","date_gmt":"2019-09-26T13:39:36","guid":{"rendered":"https:\/\/mkobro.de\/your-project\/"},"modified":"2019-10-05T14:15:14","modified_gmt":"2019-10-05T12:15:14","slug":"your-project","status":"publish","type":"page","link":"https:\/\/mkobro.de\/en\/your-project\/","title":{"rendered":"Your project"},"content":{"rendered":"<h3 style=\"text-align: left;\"><strong>Kobro<\/strong> Kommunikation ist Ihr Berater und Ansprechpartner bei mehrsprachigen Veranstaltungen und engagiert professionelle Dolmetscher f\u00fcr Ihren internationalen Anlass.<\/h3>\n<p>Kobro Kommunikation supports project managers, event managers, conference organizers, executive assistants \u2013 in short: decision-makers \u2013 by finding the ideal multilingual solution for your next international event. We are also your main point of contact for any and all questions regarding on-site translation activities. Benefit from our extensive network of interpreters and sound knowledge of conference interpreting technology to ensure that your multilingual event is a resounding success. Und wir sind Ihr zentraler Ansprechpartner f\u00fcr alle Fragen rund um die \u00dcbersetzungst\u00e4tigkeit vor Ort. Nutzen Sie unser breites Dolmetscher-Netzwerk und tiefes Wissen in Konferenztechnik. Damit Ihre mehrsprachige Veranstaltung ein voller Erfolg wird.<\/p>\n<blockquote>\n<h5><em>Erfolgreich kommunizieren \u2013<br \/>\n<\/em><em>Ihr mehrsprachiges Event in eingespielten H\u00e4nden<\/em><\/h5>\n<\/blockquote>\n<div class=\"services-wrapper services-default cols-wrapper cols-3\"><div class=\"services-box col\"><div class=\"img-container\"><img src=\"https:\/\/mkobro.de\/wp-content\/uploads\/2017\/12\/Matthias_Kobro_Simultandolmetscher_Anfrage-368x245.jpg\" alt=\"Your inquiry\"\/><\/div><div class=\"services-content\"><div class=\"sc-wraper\"><h3>Your inquiry<\/h3><p>Get in touch with Kobro Kommunikation early on to determine how many and what type of interpreters and translators you will require for your multilingual event. When it comes to planning such an event, don\u2019t leave anything to chance; instead, get professional support from Kobro Kommunikation during the preparation stage.<\/p><\/div><\/div><\/div><div class=\"services-box col\"><div class=\"img-container\"><img src=\"https:\/\/mkobro.de\/wp-content\/uploads\/2017\/12\/Matthias_Kobro_Konferenzraum-368x245.jpg\" alt=\"Interpreting team\"\/><\/div><div class=\"services-content\"><div class=\"sc-wraper\"><h3>Interpreting team<\/h3><p>Upon request, Kobro Kommunikation sets up teams of interpreters to cover multiple languages. An extensive network of qualified, professional and experienced simultaneous interpreters ensures flawless communication at any event.<\/p><\/div><\/div><\/div><div class=\"services-box col nomargin\"><div class=\"img-container\"><img src=\"https:\/\/mkobro.de\/wp-content\/uploads\/2017\/12\/Matthias_Kobro_Mikrofon_Technik_Konferenz-368x245.jpg\" alt=\"Technical equipment\"\/><\/div><div class=\"services-content\"><div class=\"sc-wraper\"><h3>Technical equipment<\/h3><p>Should you require conference interpreting technology and support during the event, Kobro Kommunikation will take care of booking the equipment so you can check it off your to-do list. I will offer you the full service package, including personal client support.<\/p><\/div><\/div><\/div><div class=\"clear\"><\/div><\/div>\n<div class=\"cta-element\"><h2 class=\"cta-title\">Contact us now to request a quote for your simultaneous interpreters.<\/h2><a class=\"button\" href=\"https:\/\/mkobro.de\/en\/contact\/\">Request<\/a><\/div>\n<div class=\"section-full-width section-light2\" style=\"background-color:#EDF5F7;\" id=\"section-1\"><div class=\"section-boxed\" style=\"color:#777777;\"><\/p>\n<div class=\"cols-wrapper cols-3\">\n<div class=\"col\">\n<p>When processing your inquiry, we begin by jointly defining the framework conditions of your multilingual event. Using a checklist developed by Kobro Kommunikation, we will sit down with you to discuss your interpreting needs, identify the ideal interpreting mode (simultaneous interpreting using the relevant equipment, or consecutive interpreting), the required working languages and the duration of the event. This session serves to answer any and all questions you might have at this stage. Depending on the event, Kobro Kommunikation will then recruit other professional interpreters from within its own network and set up a team of conference interpreters. In this process, Kobro Kommunikation sees itself as the link between the organizer and the interpreting team.<\/p>\n<\/div>\n<div class=\"col\">\n<p>Kobro Kommunikation supports you by taking care of putting together a team of interpreters for multilateral conferences, conventions and round-table discussions. In order to ensure that your multilingual event is a success, the interpreters are recruited from within our own network of colleagues, which comprises experienced and highly qualified simultaneous interpreters and specialized translators working into and from other languages.<\/p>\n<p>As a rule, simultaneous interpreters work in teams of two or three. When it comes to selecting suitable colleagues, their qualifications, subject-specific knowledge, availability and even their place of residence all play an important role. Kobro Kommunikation makes a conscious effort to avoid unnecessary costs on the part of the client.<\/p>\n<\/div>\n<div class=\"col nomargin\">\n<p>Depending on the type of interpreting that was agreed upon, Kobro Kommunikation helps you select the right technical equipment for the interpreting assignment. Whether you require sound-proof booths for simultaneous interpreting or a mobile headset and headphones for factory visits or training sessions \u2013 Kobro Kommunikation knows exactly which technology is the most suitable for your multilingual event and will book the equipment and on-site technician for you.<\/p>\n<blockquote>\n<h5><strong>Kobro<\/strong> Kommunikation \u2013<br \/>\nIhr Dienstleister und Veranstaltungspartner<br \/>\nsowie Kollege der Simultandolmetscher.<\/h5>\n<\/blockquote>\n<\/div>\n<\/div>\n<h4 style=\"text-align: center;\">Wir freuen uns auf Ihre Anfrage und eine langfristige Zusammenarbeit mit Ihnen.<br \/>\nDenn zufriedene Kunden sind die besten Kunden.<\/h4>\n<p>\n<\/div><\/div>\n<p>Downloads:<\/p>\n<p>Allgemeine Informationen des Berufsverbandes zu den Hauptmodi des Dolmetschens (PDF).<\/p>\n<p>Hinweise zum Einsatz von Konferenzdolmetschern (PDF)<\/p>\n<p>Tipps f\u00fcr Redner (PDF)<\/p>\n<p>Checkliste f\u00fcr Veranstalter mehrsprachiger Konferenzen (PDF)<\/p>\n","protected":false},"excerpt":{"rendered":"<p>Kobro Kommunikation ist Ihr Berater und Ansprechpartner bei mehrsprachigen Veranstaltungen und engagiert professionelle Dolmetscher f\u00fcr Ihren internationalen Anlass. Kobro Kommunikation [&hellip;]<\/p>\n","protected":false},"author":3,"featured_media":0,"parent":0,"menu_order":2,"comment_status":"closed","ping_status":"closed","template":"template-full-custom.php","meta":{"footnotes":""},"_links":{"self":[{"href":"https:\/\/mkobro.de\/en\/wp-json\/wp\/v2\/pages\/4888\/"}],"collection":[{"href":"https:\/\/mkobro.de\/en\/wp-json\/wp\/v2\/pages\/"}],"about":[{"href":"https:\/\/mkobro.de\/en\/wp-json\/wp\/v2\/types\/page\/"}],"author":[{"embeddable":true,"href":"https:\/\/mkobro.de\/en\/wp-json\/wp\/v2\/users\/3\/"}],"replies":[{"embeddable":true,"href":"https:\/\/mkobro.de\/en\/wp-json\/wp\/v2\/comments\/?post=4888"}],"version-history":[{"count":2,"href":"https:\/\/mkobro.de\/en\/wp-json\/wp\/v2\/pages\/4888\/revisions\/"}],"predecessor-version":[{"id":4970,"href":"https:\/\/mkobro.de\/en\/wp-json\/wp\/v2\/pages\/4888\/revisions\/4970\/"}],"wp:attachment":[{"href":"https:\/\/mkobro.de\/en\/wp-json\/wp\/v2\/media\/?parent=4888"}],"curies":[{"name":"wp","href":"https:\/\/api.w.org\/{rel}","templated":true}]}}