{"id":4981,"date":"2019-09-29T12:42:35","date_gmt":"2019-09-29T10:42:35","guid":{"rendered":"https:\/\/mkobro.de\/%d1%81%d0%bf%d0%b5%d1%86%d0%b8%d0%b0%d0%bb%d0%b8%d0%b7%d0%b0%d1%86%d0%b8%d1%8f\/"},"modified":"2019-10-04T13:50:00","modified_gmt":"2019-10-04T11:50:00","slug":"%d1%81%d0%bf%d0%b5%d1%86%d0%b8%d0%b0%d0%bb%d0%b8%d0%b7%d0%b0%d1%86%d0%b8%d1%8f","status":"publish","type":"page","link":"https:\/\/mkobro.de\/ru\/%d1%81%d0%bf%d0%b5%d1%86%d0%b8%d0%b0%d0%bb%d0%b8%d0%b7%d0%b0%d1%86%d0%b8%d1%8f\/","title":{"rendered":"\u0421\u043f\u0435\u0446\u0438\u0430\u043b\u0438\u0437\u0430\u0446\u0438\u044f"},"content":{"rendered":"<div class=\"services-wrapper services-boxed-photo cols-wrapper cols-4 pexeto-parallax\"><div class=\"services-title-box col\"><h2>\u0421\u0444\u0435\u0440\u044b \u043a\u043e\u043c\u043f\u0435\u0442\u0435\u043d\u0446\u0438\u0438<\/h2><p>\u041d\u0430 \u043f\u0440\u043e\u0442\u044f\u0436\u0435\u043d\u0438\u0438 Seit vielen Jahren \u00fcbernimmt Kobro Kommunikation Auftr\u00e4ge von Kunden aus den verschiedensten Fachgebieten. Mit einem H\u00f6chstma\u00df an Flexilit\u00e4t und einschl\u00e4giger Recherchekompetenz k\u00f6nnen wir uns auch in neue Themen und Ihr Fachgebiet gezielt einarbeiten. Unsere T\u00e4tigkeitsfelder umfassen aktuell:<\/p><\/div><div class=\"services-box col\"><div class=\"img-container\"><img src=\"https:\/\/mkobro.de\/wp-content\/uploads\/2017\/12\/labor_450x300_4.jpg\" alt=\"GMP\"\/><\/div><div class=\"services-content\"><div class=\"sc-wraper\"><h3>GMP<\/h3><\/div><\/div><\/div><div class=\"services-box col\"><div class=\"img-container\"><img src=\"https:\/\/mkobro.de\/wp-content\/uploads\/2017\/12\/Internationale_Beziehungen_450x300_3.jpg\" alt=\"\u041c\u0435\u0436\u0434\u0443\u043d\u0430\u0440\u043e\u0434\u043d\u044b\u0435 \u043e\u0442\u043d\u043e\u0448\u0435\u043d\u0438\u044f\"\/><\/div><div class=\"services-content\"><div class=\"sc-wraper\"><h3>\u041c\u0435\u0436\u0434\u0443\u043d\u0430\u0440\u043e\u0434\u043d\u044b\u0435 \u043e\u0442\u043d\u043e\u0448\u0435\u043d\u0438\u044f<\/h3><\/div><\/div><\/div><div class=\"services-box col\"><div class=\"img-container\"><img src=\"https:\/\/mkobro.de\/wp-content\/uploads\/2017\/12\/LKW-Technik_450x300_1.jpg\" alt=\"\u0410\u0432\u0442\u043e\u043c\u043e\u0431\u0438\u043b\u044c\u043d\u0430\u044f \u043e\u0442\u0440\u0430\u0441\u043b\u044c\"\/><\/div><div class=\"services-content\"><div class=\"sc-wraper\"><h3>\u0410\u0432\u0442\u043e\u043c\u043e\u0431\u0438\u043b\u044c\u043d\u0430\u044f \u043e\u0442\u0440\u0430\u0441\u043b\u044c<\/h3><\/div><\/div><\/div><div class=\"services-box col nomargin\"><div class=\"img-container\"><img src=\"https:\/\/mkobro.de\/wp-content\/uploads\/2017\/12\/Logistik_450x300_1.jpg\" alt=\"\u041b\u043e\u0433\u0438\u0441\u0442\u0438\u043a\u0430\"\/><\/div><div class=\"services-content\"><div class=\"sc-wraper\"><h3>\u041b\u043e\u0433\u0438\u0441\u0442\u0438\u043a\u0430<\/h3><\/div><\/div><\/div><div class=\"services-box col\"><div class=\"img-container\"><img src=\"https:\/\/mkobro.de\/wp-content\/uploads\/2017\/12\/Religion_450x300.jpeg\" alt=\"\u0420\u0435\u043b\u0438\u0433\u0438\u044f\"\/><\/div><div class=\"services-content\"><div class=\"sc-wraper\"><h3>\u0420\u0435\u043b\u0438\u0433\u0438\u044f<\/h3><\/div><\/div><\/div><div class=\"services-box col\"><div class=\"img-container\"><img src=\"https:\/\/mkobro.de\/wp-content\/uploads\/2017\/12\/Kultur_450x300_1.jpg\" alt=\"\u041a\u0443\u043b\u044c\u0442\u0443\u0440\u0430\"\/><\/div><div class=\"services-content\"><div class=\"sc-wraper\"><h3>\u041a\u0443\u043b\u044c\u0442\u0443\u0440\u0430<\/h3><\/div><\/div><\/div><div class=\"services-box col\"><div class=\"img-container\"><img src=\"https:\/\/mkobro.de\/wp-content\/uploads\/2017\/12\/Sport_450x300_1.jpg\" alt=\"\u0421\u043f\u043e\u0440\u0442\"\/><\/div><div class=\"services-content\"><div class=\"sc-wraper\"><h3>\u0421\u043f\u043e\u0440\u0442<\/h3><\/div><\/div><\/div><div class=\"services-box col nomargin\"><div class=\"img-container\"><img src=\"https:\/\/mkobro.de\/wp-content\/uploads\/2017\/12\/Marketing_450x300_1.jpg\" alt=\"\u041c\u0430\u0440\u043a\u0435\u0442\u0438\u043d\u0433\"\/><\/div><div class=\"services-content\"><div class=\"sc-wraper\"><h3>\u041c\u0430\u0440\u043a\u0435\u0442\u0438\u043d\u0433<\/h3><\/div><\/div><\/div><div class=\"services-box col\"><div class=\"img-container\"><img src=\"https:\/\/mkobro.de\/wp-content\/uploads\/2017\/12\/Medizin_450x300_1.jpg\" alt=\"\u041c\u0435\u0434\u0438\u0446\u0438\u043d\u0430\"\/><\/div><div class=\"services-content\"><div class=\"sc-wraper\"><h3>\u041c\u0435\u0434\u0438\u0446\u0438\u043d\u0430<\/h3><\/div><\/div><\/div><div class=\"services-box col\"><div class=\"img-container\"><img src=\"https:\/\/mkobro.de\/wp-content\/uploads\/2017\/12\/wirtschaft_450x300_1.jpg\" alt=\"\u042d\u043a\u043e\u043d\u043e\u043c\u0438\u043a\u0430\"\/><\/div><div class=\"services-content\"><div class=\"sc-wraper\"><h3>\u042d\u043a\u043e\u043d\u043e\u043c\u0438\u043a\u0430<\/h3><\/div><\/div><\/div><div class=\"services-box col nomargin\"><div class=\"img-container\"><img src=\"https:\/\/mkobro.de\/wp-content\/uploads\/2018\/11\/Luftfahrt_Dolmetscher_Russisch_450x300_kl.jpg\" alt=\"\u0410\u0432\u0438\u0430\u0446\u0438\u044f\"\/><\/div><div class=\"services-content\"><div class=\"sc-wraper\"><h3>\u0410\u0432\u0438\u0430\u0446\u0438\u044f<\/h3><\/div><\/div><\/div><div class=\"clear\"><\/div><\/div>\n<p><strong>\u0414\u043e\u043f\u043e\u043b\u043d\u0438\u0442\u0435\u043b\u044c\u043d\u044b\u0435 \u043d\u0430\u043f\u0440\u0430\u0432\u043b\u0435\u043d\u0438\u044f<\/strong> \u043f\u0440\u0430\u0432\u043e, \u043d\u0430\u043b\u043e\u0433\u043e\u043e\u0431\u043b\u043e\u0436\u0435\u043d\u0438\u0435, \u0431\u0443\u0445\u0433\u0430\u043b\u0442\u0435\u0440\u0441\u043a\u0438\u0439 \u0443\u0447\u0435\u0442, Rechnungswesen, \u043f\u043e\u0434\u0432\u0435\u0434\u0435\u043d\u0438\u0435 \u0438\u0442\u043e\u0433\u0430 \u0431\u0430\u043b\u0430\u043d\u0441\u0430, \u0444\u0438\u043d\u0430\u043d\u0441\u044b, \u0431\u0430\u043d\u043a\u043e\u0432\u0441\u043a\u043e\u0435 \u0434\u0435\u043b\u043e, \u043a\u0440\u0435\u0434\u0438\u0442\u043e\u0432\u0430\u043d\u0438\u0435, \u0438\u0437\u0434\u0430\u0442\u0435\u043b\u044c\u0441\u043a\u0430\u044f \u0434\u0435\u044f\u0442\u0435\u043b\u044c\u043d\u043e\u0441\u0442\u044c, \u043f\u0440\u043e\u043c\u044b\u0448\u043b\u0435\u043d\u043d\u043e\u0441\u0442\u044c, \u0442\u0435\u0445\u043d\u0438\u043a\u0430 (\u0430\u0432\u0442\u043e\u043f\u0440\u043e\u043c, \u0436\u0435\u043b\u0435\u0437\u043d\u043e\u0434\u043e\u0440\u043e\u0436\u043d\u044b\u0435 \u0442\u0440\u0430\u043d\u0441\u043f\u043e\u0440\u0442, \u0441\u0435\u043b\u044c\u0441\u043a\u043e\u0445\u043e\u0437\u044f\u0439\u0441\u0442\u0432\u0435\u043d\u043d\u0430\u044f \u0442\u0435\u0445\u043d\u0438\u043a\u0430, \u0442\u0440\u0430\u043a\u0442\u043e\u0440\u044b), \u044d\u043b\u0435\u043a\u0442\u0440\u043e\u0442\u0435\u0445\u043d\u0438\u043a\u0430, \u044d\u043b\u0435\u043a\u0442\u0440\u043e\u043c\u043e\u0431\u0438\u043b\u044c\u043d\u043e\u0441\u0442\u044c, \u0445\u0438\u043c\u0438\u044f, \u0444\u0438\u0437\u0438\u043a\u0430, \u044d\u043a\u043e\u043b\u043e\u0433\u0438\u044f, \u0441\u0435\u043b\u044c\u0441\u043a\u043e\u0435 \u0445\u043e\u0437\u044f\u0439\u0441\u0442\u0432\u043e, \u0433\u0435\u043e\u043b\u043e\u0433\u0438\u044f, \u0442\u0443\u0440\u0438\u0437\u043c.<\/p>\n","protected":false},"excerpt":{"rendered":"<p>\u0414\u043e\u043f\u043e\u043b\u043d\u0438\u0442\u0435\u043b\u044c\u043d\u044b\u0435 \u043d\u0430\u043f\u0440\u0430\u0432\u043b\u0435\u043d\u0438\u044f \u043f\u0440\u0430\u0432\u043e, \u043d\u0430\u043b\u043e\u0433\u043e\u043e\u0431\u043b\u043e\u0436\u0435\u043d\u0438\u0435, \u0431\u0443\u0445\u0433\u0430\u043b\u0442\u0435\u0440\u0441\u043a\u0438\u0439 \u0443\u0447\u0435\u0442, Rechnungswesen, \u043f\u043e\u0434\u0432\u0435\u0434\u0435\u043d\u0438\u0435 \u0438\u0442\u043e\u0433\u0430 \u0431\u0430\u043b\u0430\u043d\u0441\u0430, \u0444\u0438\u043d\u0430\u043d\u0441\u044b, \u0431\u0430\u043d\u043a\u043e\u0432\u0441\u043a\u043e\u0435 \u0434\u0435\u043b\u043e, \u043a\u0440\u0435\u0434\u0438\u0442\u043e\u0432\u0430\u043d\u0438\u0435, \u0438\u0437\u0434\u0430\u0442\u0435\u043b\u044c\u0441\u043a\u0430\u044f \u0434\u0435\u044f\u0442\u0435\u043b\u044c\u043d\u043e\u0441\u0442\u044c, \u043f\u0440\u043e\u043c\u044b\u0448\u043b\u0435\u043d\u043d\u043e\u0441\u0442\u044c, \u0442\u0435\u0445\u043d\u0438\u043a\u0430 (\u0430\u0432\u0442\u043e\u043f\u0440\u043e\u043c, \u0436\u0435\u043b\u0435\u0437\u043d\u043e\u0434\u043e\u0440\u043e\u0436\u043d\u044b\u0435 [&hellip;]<\/p>\n","protected":false},"author":3,"featured_media":0,"parent":0,"menu_order":0,"comment_status":"closed","ping_status":"closed","template":"","meta":{"footnotes":""},"_links":{"self":[{"href":"https:\/\/mkobro.de\/ru\/wp-json\/wp\/v2\/pages\/4981\/"}],"collection":[{"href":"https:\/\/mkobro.de\/ru\/wp-json\/wp\/v2\/pages\/"}],"about":[{"href":"https:\/\/mkobro.de\/ru\/wp-json\/wp\/v2\/types\/page\/"}],"author":[{"embeddable":true,"href":"https:\/\/mkobro.de\/ru\/wp-json\/wp\/v2\/users\/3\/"}],"replies":[{"embeddable":true,"href":"https:\/\/mkobro.de\/ru\/wp-json\/wp\/v2\/comments\/?post=4981"}],"version-history":[{"count":4,"href":"https:\/\/mkobro.de\/ru\/wp-json\/wp\/v2\/pages\/4981\/revisions\/"}],"predecessor-version":[{"id":5122,"href":"https:\/\/mkobro.de\/ru\/wp-json\/wp\/v2\/pages\/4981\/revisions\/5122\/"}],"wp:attachment":[{"href":"https:\/\/mkobro.de\/ru\/wp-json\/wp\/v2\/media\/?parent=4981"}],"curies":[{"name":"wp","href":"https:\/\/api.w.org\/{rel}","templated":true}]}}